{"id":2348,"date":"2017-11-25T10:27:38","date_gmt":"2017-11-25T10:27:38","guid":{"rendered":"https:\/\/dermoacm.com\/it\/?page_id=2348"},"modified":"2017-11-30T13:50:06","modified_gmt":"2017-11-30T13:50:06","slug":"il-progetto-dermoacm","status":"publish","type":"page","link":"https:\/\/dermoacm.com\/it\/il-progetto-dermoacm\/","title":{"rendered":"Il progetto DermoACM"},"content":{"rendered":"<div class=\"wpb-content-wrapper\"><p>[vc_row full_width=&#8221;stretch_row_content&#8221; has_content=&#8221;true&#8221;][vc_column][rev_slider_vc alias=&#8221;progetto-acm&#8221;][vc_row_inner equal_height=&#8221;yes&#8221; css=&#8221;.vc_custom_1511689536507{background-color: #7a7a7a !important;}&#8221;][vc_column_inner][vc_column_text el_class=&#8221;titolo&#8221;]<\/p>\n<p style=\"text-align: center; font-family: montserrat-extrabold;\">IL PROGETTO DermoACM\u00ae<\/p>\n<p>[\/vc_column_text][\/vc_column_inner][\/vc_row_inner][\/vc_column][\/vc_row][vc_row][vc_column width=&#8221;1\/6&#8243;][\/vc_column][vc_column width=&#8221;4\/6&#8243;][vc_empty_space][vc_column_text el_class=&#8221;titolo_presentazione&#8221;]<\/p>\n<div style=\"color: #00a8ab !important;\">\n<p><strong>DermoACM\u00ae <\/strong>nasce dall\u2019esperienza cosmetica di Ekuberg Pharma, azienda italiana dalla ventennale presenza nel mercato internazionale, con l\u2019obiettivo di offrire una <strong>risposta efficace<\/strong> ai bisogni specifici <strong>di igiene, idratazione e protezione della pelle secca, sensibile e soggetta ad alterazioni, <\/strong>per <strong>migliorare il confort e la qualit\u00e0 della vita<\/strong>.<\/p>\n<\/div>\n<p>[\/vc_column_text][vc_empty_space][\/vc_column][vc_column width=&#8221;1\/6&#8243;][\/vc_column][\/vc_row][vc_row full_width=&#8221;stretch_row_content_no_spaces&#8221;][vc_column][rev_slider_vc alias=&#8221;progetto_interno&#8221;][vc_row_inner content_placement=&#8221;middle&#8221; css=&#8221;.vc_custom_1511689252434{background-color: #7a7a7a !important;}&#8221;][vc_column_inner width=&#8221;1\/4&#8243;][\/vc_column_inner][vc_column_inner width=&#8221;2\/4&#8243;][vc_empty_space height=&#8221;20px&#8221;][vc_column_text el_class=&#8221;titolo_2&#8243;]<\/p>\n<h4 style=\"text-align: center;\">Da qui, nasce il progetto<br \/>\n<span style=\"font-family: montserrat-extrabold;\">DermoACM\u00ae e PELLE-AFFINI PER NATURA,<br \/>\ndove scienza e natura si fondono e si complementano.<\/span><\/h4>\n<p>[\/vc_column_text][vc_empty_space height=&#8221;20px&#8221;][\/vc_column_inner][vc_column_inner width=&#8221;1\/4&#8243;][\/vc_column_inner][\/vc_row_inner][\/vc_column][\/vc_row][vc_row][vc_column width=&#8221;1\/6&#8243;][\/vc_column][vc_column width=&#8221;4\/6&#8243;][vc_empty_space height=&#8221;20px&#8221;][vc_column_text el_class=&#8221;.testi_grigio_grandi&#8221;]<\/p>\n<p style=\"text-align: center;\"><strong>Un progetto che fondato sull\u2019etica aziendale di Ricerca e Sviluppo di soluzioni \u201chuman-friendly\u201d, <\/strong>realizzate in collaborazione con medici reumatologi e dermatologi. In quest\u2019ottica, Ekuberg Pharma ha condotto uno studio preliminare sulla scelta delle <strong>materie prime<\/strong> da impiegare nei singoli prodotti e sulla <strong>loro affinit\u00e0 con il \u201csistema pelle\u201d<\/strong>.<\/p>\n<p>[\/vc_column_text][vc_empty_space height=&#8221;20px&#8221;][vc_single_image image=&#8221;2623&#8243; img_size=&#8221;full&#8221; alignment=&#8221;center&#8221;][vc_empty_space height=&#8221;20px&#8221;][vc_column_text el_class=&#8221;.testi_grigio_grandi&#8221;]<\/p>\n<p style=\"text-align: center;\">La <strong>linea DermoACM\u00ae<\/strong>, nella sua semplicit\u00e0 di gamma, permette di <strong>prendersi cura della propria pelle a 360\u00b0<\/strong> con prodotti ad elevata concentrazione di principi attivi di origine vegetale.<\/p>\n<p>[\/vc_column_text][vc_empty_space height=&#8221;20px&#8221;][\/vc_column][vc_column width=&#8221;1\/6&#8243;][\/vc_column][\/vc_row][vc_row full_width=&#8221;stretch_row_content_no_spaces&#8221;][vc_column][vc_single_image image=&#8221;2625&#8243; img_size=&#8221;full&#8221;][\/vc_column][\/vc_row][vc_row][vc_column][vc_empty_space][vc_row_inner][vc_column_inner width=&#8221;1\/3&#8243;][\/vc_column_inner][vc_column_inner width=&#8221;2\/3&#8243;][vc_custom_heading text=&#8221;I TENSIOATTIVI&#8221; font_container=&#8221;tag:h2|text_align:left|color:%236d7a89&#8243; google_fonts=&#8221;font_family:Montserrat%3Aregular%2C700|font_style:700%20bold%20regular%3A700%3Anormal&#8221;][\/vc_column_inner][\/vc_row_inner][vc_separator][vc_row_inner][vc_column_inner width=&#8221;1\/3&#8243;][vc_empty_space][vc_single_image image=&#8221;2629&#8243; img_size=&#8221;medium&#8221; alignment=&#8221;right&#8221;][\/vc_column_inner][vc_column_inner el_class=&#8221;testi&#8221; width=&#8221;2\/3&#8243;][vc_empty_space][vc_column_text el_class=&#8221;.testi_grigio_medi&#8221;]<\/p>\n<p style=\"text-align: justify;\">I <strong>tensioattivi<\/strong> sono sostanze dotate di <strong>propriet\u00e0 schiumogene, bagnanti, detergenti e solubilizzanti<\/strong>.<\/p>\n<p style=\"text-align: justify;\">La funzione di questi composti \u00e8 quella di catturare residui e impurit\u00e0 da eliminare, che successivamente vengono trascinati via durante il risciacquo. Se per\u00f2 troppo aggressivi, nel lungo termine <strong>i tensioattivi possono alterare il film idrolipidico della pelle.<\/strong><\/p>\n<p style=\"text-align: justify;\">Ad esempio il\u00a0<em>Sodium Lauryl Sulfate<\/em><strong>\u00a0(SLS) e\u00a0<\/strong><em>Sodium Laureth Sulfate\u00a0<\/em><strong>(SLES) sono i tensioattivi pi\u00f9 comunemente utilizzati nei prodotti cosmetici, ma anche quelli con maggiori effetti irritanti e sensibilizzanti sulla pelle.<\/strong><\/p>\n<p style=\"text-align: justify;\"><strong>I prodotti DermoACM\u00ae sono formulati con tensioattivi completamente biodegradabili, di derivazione naturale e senza solfati (SLES e SLS).<\/strong><\/p>\n<p>[\/vc_column_text][\/vc_column_inner][\/vc_row_inner][\/vc_column][\/vc_row][vc_row][vc_column][vc_empty_space][vc_row_inner][vc_column_inner width=&#8221;1\/3&#8243;][\/vc_column_inner][vc_column_inner width=&#8221;2\/3&#8243;][vc_custom_heading text=&#8221;I CONSERVANTI&#8221; font_container=&#8221;tag:h2|text_align:left|color:%236d7a89&#8243; google_fonts=&#8221;font_family:Montserrat%3Aregular%2C700|font_style:700%20bold%20regular%3A700%3Anormal&#8221;][\/vc_column_inner][\/vc_row_inner][vc_separator][vc_row_inner][vc_column_inner width=&#8221;1\/3&#8243;][vc_empty_space][vc_single_image image=&#8221;2640&#8243; img_size=&#8221;medium&#8221; alignment=&#8221;right&#8221;][\/vc_column_inner][vc_column_inner el_class=&#8221;testi&#8221; width=&#8221;2\/3&#8243;][vc_empty_space][vc_column_text el_class=&#8221;.testi_grigio_medi&#8221;]<\/p>\n<p style=\"text-align: justify;\">I <strong>conservanti<\/strong> vengono utilizzati nei preparati cosmetici per evitarne il deterioramento. I cosmetici contengono, infatti, sostanze che possono alterarsi e, di conseguenza, provocare la proliferazione batterica. Per evitare ci\u00f2, si fa ricorso a conservanti antiossidanti e antimicrobici.<\/p>\n<p style=\"text-align: justify;\"><strong>Insieme ai profumi, i CONSERVANTI sono le sostanze che provocano pi\u00f9 allergie ed irritazioni a carico della pelle<\/strong>. Fra i pi\u00f9 utilizzati, vi sono i <strong>Tiazolinoni<\/strong>, considerati forti sensibilizzanti, e la famiglia dei <strong>Parabeni<\/strong>, i pi\u00f9 utilizzati dall&#8217;industria cosmetica. Questi possono dare luogo ad intolleranze, soprattutto alle pelli particolarmente sensibili.<\/p>\n<p style=\"text-align: justify;\"><strong>I prodotti DermoACM\u00ae sono formulati senza Tiazolinoni e Parabeni, con una delicata profumazione priva di allergeni.<\/strong><\/p>\n<p>[\/vc_column_text][\/vc_column_inner][\/vc_row_inner][\/vc_column][\/vc_row]<\/p>\n<\/div>","protected":false},"excerpt":{"rendered":"<p>[vc_row full_width=&#8221;stretch_row_content&#8221; has_content=&#8221;true&#8221;][vc_column][rev_slider_vc alias=&#8221;progetto-acm&#8221;][vc_row_inner equal_height=&#8221;yes&#8221; css=&#8221;.vc_custom_1511689536507{background-color: #7a7a7a !important;}&#8221;][vc_column_inner][vc_column_text el_class=&#8221;titolo&#8221;] IL PROGETTO DermoACM\u00ae [\/vc_column_text][\/vc_column_inner][\/vc_row_inner][\/vc_column][\/vc_row][vc_row][vc_column width=&#8221;1\/6&#8243;][\/vc_column][vc_column width=&#8221;4\/6&#8243;][vc_empty_space][vc_column_text el_class=&#8221;titolo_presentazione&#8221;] DermoACM\u00ae nasce dall\u2019esperienza cosmetica di Ekuberg Pharma, azienda italiana dalla ventennale presenza nel mercato internazionale, con l\u2019obiettivo di offrire una risposta efficace ai bisogni &hellip;<\/p>\n","protected":false},"author":1,"featured_media":0,"parent":0,"menu_order":0,"comment_status":"open","ping_status":"closed","template":"","meta":{"footnotes":""},"class_list":["post-2348","page","type-page","status-publish","hentry"],"aioseo_notices":[],"_links":{"self":[{"href":"https:\/\/dermoacm.com\/it\/wp-json\/wp\/v2\/pages\/2348","targetHints":{"allow":["GET"]}}],"collection":[{"href":"https:\/\/dermoacm.com\/it\/wp-json\/wp\/v2\/pages"}],"about":[{"href":"https:\/\/dermoacm.com\/it\/wp-json\/wp\/v2\/types\/page"}],"author":[{"embeddable":true,"href":"https:\/\/dermoacm.com\/it\/wp-json\/wp\/v2\/users\/1"}],"replies":[{"embeddable":true,"href":"https:\/\/dermoacm.com\/it\/wp-json\/wp\/v2\/comments?post=2348"}],"version-history":[{"count":0,"href":"https:\/\/dermoacm.com\/it\/wp-json\/wp\/v2\/pages\/2348\/revisions"}],"wp:attachment":[{"href":"https:\/\/dermoacm.com\/it\/wp-json\/wp\/v2\/media?parent=2348"}],"curies":[{"name":"wp","href":"https:\/\/api.w.org\/{rel}","templated":true}]}}