{"id":2350,"date":"2017-11-25T10:28:05","date_gmt":"2017-11-25T10:28:05","guid":{"rendered":"https:\/\/dermoacm.com\/it\/?page_id=2350"},"modified":"2020-10-23T08:39:09","modified_gmt":"2020-10-23T08:39:09","slug":"ricerca-e-innovazione","status":"publish","type":"page","link":"https:\/\/dermoacm.com\/it\/ricerca-e-innovazione\/","title":{"rendered":"Ricerca e innovazione"},"content":{"rendered":"<div class=\"wpb-content-wrapper\"><p>[vc_row full_width=&#8221;stretch_row_content&#8221; has_content=&#8221;true&#8221;][vc_column][rev_slider_vc alias=&#8221;ricerca&#8221;][vc_row_inner equal_height=&#8221;yes&#8221; css=&#8221;.vc_custom_1511689536507{background-color: #7a7a7a !important;}&#8221;][vc_column_inner][vc_column_text el_class=&#8221;titolo&#8221;]<\/p>\n<p style=\"text-align: center; font-family: montserrat-extrabold;\">RICERCA E INNOVAZIONE<\/p>\n<p>[\/vc_column_text][\/vc_column_inner][\/vc_row_inner][vc_row_inner equal_height=&#8221;yes&#8221; css=&#8221;.vc_custom_1512405713810{background-color: #a5a5a5 !important;}&#8221;][vc_column_inner css=&#8221;.vc_custom_1512289688132{padding-right: 150px !important;padding-left: 150px !important;}&#8221;][vc_empty_space][vc_column_text el_class=&#8221;.testi_bianco_medi&#8221;]<\/p>\n<p style=\"text-align: center;\"><em>&#8220;Niente nella vita va temuto, dev\u2019essere solamente compreso.<\/em><\/p>\n<p style=\"text-align: center;\"><em>Ora \u00e8 tempo di comprendere di pi\u00f9,<\/em><\/p>\n<p style=\"text-align: center;\"><em>cos\u00ec possiamo temere di meno\u201d<\/em><\/p>\n<p style=\"text-align: center; font-family: montserrat-regular; font-weight: 100 !important;\">Marie Curie<\/p>\n<p>[\/vc_column_text][vc_empty_space][\/vc_column_inner][\/vc_row_inner][vc_row_inner css=&#8221;.vc_custom_1512574707432{padding-right: 20px !important;padding-left: 20px !important;}&#8221;][vc_column_inner][vc_column_text el_class=&#8221;titolo_presentazione_black&#8221;]<\/p>\n<h3 style=\"text-align: center;\"><strong>Da 20 anni, Ekuberg Pharma \u00e8 impegnata nel campo della ricerca scientifica e dello sviluppo<br \/>\ndi soluzioni mirate alla cura della persona,<br \/>\nper migliorarne la qualit\u00e0 della vita.<\/strong><\/h3>\n<p>[\/vc_column_text][vc_empty_space height=&#8221;20px&#8221;][\/vc_column_inner][\/vc_row_inner][\/vc_column][\/vc_row][vc_row][vc_column][vc_row_inner][vc_column_inner width=&#8221;1\/6&#8243;][\/vc_column_inner][vc_column_inner width=&#8221;1\/6&#8243;][vc_empty_space height=&#8221;65px&#8221;][vc_single_image image=&#8221;2665&#8243; img_size=&#8221;full&#8221;][\/vc_column_inner][vc_column_inner width=&#8221;3\/6&#8243;][vc_column_text el_class=&#8221;.testi_ricerca&#8221;]<\/p>\n<h3 style=\"text-align: center;\"><strong>Ricerca e Innovazione consapevole<\/strong><\/h3>\n<p>Ekuberg Pharma ha coltivato negli anni il confronto quotidiano con esperti medici <strong>dermatologi<\/strong> e <strong>reumatologi<\/strong> per la ricerca di soluzioni rispondenti ai bisogni della <strong>pelle secca e delicata<\/strong>.<br \/>\nIl suo orientamento all\u2019innovazione consapevole \u00e8 il frutto dell\u2019impegno anche nel campo delle malattie rare come la <strong>Sclerosi Sistemica<\/strong>. In collaborazione e sinergia con specialisti medici e con l\u2019associazione \u201cLega Italiana Sclerosi Sistemica\u201d, Ekuberg Pharma ha voluto porre attenzione alle problematiche di quanti affetti da sclerosi sistemica con coinvolgimento cutaneo (o sclerodermia), con l\u2019obiettivo di garantire anche a loro <strong>il confort e il benessere della pelle, percepibile e visibile<\/strong>, con effettivo conseguente <strong>miglioramento della qualit\u00e0 della vita <\/strong>e del loro approccio alla malattia.[\/vc_column_text][\/vc_column_inner][vc_column_inner width=&#8221;1\/6&#8243;][\/vc_column_inner][\/vc_row_inner][vc_empty_space][vc_row_inner][vc_column_inner width=&#8221;1\/6&#8243;][\/vc_column_inner][vc_column_inner width=&#8221;1\/6&#8243;][vc_empty_space height=&#8221;65px&#8221;][vc_single_image image=&#8221;2664&#8243; img_size=&#8221;full&#8221;][\/vc_column_inner][vc_column_inner width=&#8221;3\/6&#8243;][vc_column_text el_class=&#8221;.testi_ricerca&#8221;]<\/p>\n<h3 style=\"text-align: center;\"><strong>Scienza &amp; Natura<\/strong><\/h3>\n<p>Ekuberg Pharma crede e incentiva i valori del \u201c<strong>human-friendly<\/strong>\u201d, a partire dalle formulazioni esclusive. La <strong>ricerca<\/strong>, infatti, nasce dallo studio dei <strong>principi attivi presenti in natura<\/strong>, combinati con l\u2019innovazione della <strong>scienza<\/strong>, per trarre tutti i <strong>benefici<\/strong> da risorse naturalmente esistenti nel nostro universo. Grazie alle sue formulazioni innovative ed allo studio della pelle e delle sue caratteristiche e necessit\u00e0, Ekuberg Pharma persegue l\u2019obiettivo di ridurre gli effetti controversi dei fattori predisponenti alle alterazioni cutanee e dei trattamenti farmacologici.<\/p>\n<p>L\u2019efficacia, la sicurezza e l\u2019effettiva rispondenza alle esigenze della cute sono comprovate da <strong>rigorosi TEST IN VIVO e IN VITRO, per un\u2019elevata tollerabilit\u00e0 anche sulle pelli pi\u00f9 delicate<\/strong>.[\/vc_column_text][\/vc_column_inner][vc_column_inner width=&#8221;1\/6&#8243;][\/vc_column_inner][\/vc_row_inner][vc_empty_space][vc_row_inner][vc_column_inner width=&#8221;1\/6&#8243;][\/vc_column_inner][vc_column_inner width=&#8221;1\/6&#8243;][vc_single_image image=&#8221;2666&#8243; img_size=&#8221;full&#8221;][\/vc_column_inner][vc_column_inner width=&#8221;3\/6&#8243;][vc_column_text el_class=&#8221;.testi_ricerca&#8221;]<strong>Tutti i prodotti della linea DermoACM\u00ae sono stati sottoposti a test dermatologici,<\/strong> svolti tramite patch test applicato per 48 ore, <strong>ed a test per la presenza di metalli pesanti (Nichel, Cromo e Cobalto) <\/strong>su ogni lotto di produzione.[\/vc_column_text][\/vc_column_inner][vc_column_inner width=&#8221;1\/6&#8243;][\/vc_column_inner][\/vc_row_inner][\/vc_column][\/vc_row][vc_row_inner][vc_column_inner][vc_empty_space][vc_text_separator title=&#8221;DermoACM\u00ae, SICUREZZA ED EFFICACIA TESTATE&#8221; color=&#8221;custom&#8221; accent_color=&#8221;#00aaa7&#8243; el_class=&#8221;separatore_title&#8221;][vc_empty_space][\/vc_column_inner][\/vc_row_inner][vc_row_inner][vc_column_inner width=&#8221;1\/4&#8243;][vc_single_image image=&#8221;2319&#8243; img_size=&#8221;large&#8221; alignment=&#8221;center&#8221;][vc_column_text el_class=&#8221;icons_bottom&#8221;]Sulle pelli pi\u00fa delicate[\/vc_column_text][\/vc_column_inner][vc_column_inner width=&#8221;1\/4&#8243;][vc_single_image image=&#8221;2316&#8243; img_size=&#8221;large&#8221; alignment=&#8221;center&#8221;][vc_column_text el_class=&#8221;.icons_bottom &#8220;]<\/p>\n<p style=\"text-align: center;\"><span style=\"color: #00aaa7;\">Tensioattivi aggressivi, tiazolinoni, parabeni, allergeni del profumo, paraffina<\/span><\/p>\n<p>[\/vc_column_text][\/vc_column_inner][vc_column_inner width=&#8221;1\/4&#8243;][vc_single_image image=&#8221;2317&#8243; img_size=&#8221;large&#8221; alignment=&#8221;center&#8221;][vc_column_text el_class=&#8221;.icons_bottom &#8220;]<\/p>\n<p style=\"text-align: center;\"><span style=\"color: #00aaa7;\">Per il benessere di tutta la famiglia<\/span><\/p>\n<p>[\/vc_column_text][\/vc_column_inner][vc_column_inner width=&#8221;1\/4&#8243;][vc_single_image image=&#8221;2318&#8243; img_size=&#8221;large&#8221; alignment=&#8221;center&#8221;][vc_column_text el_class=&#8221;.icons_bottom &#8220;]<\/p>\n<p style=\"text-align: center;\">Consigliata da medici e farmacisti<\/p>\n<p>[\/vc_column_text][\/vc_column_inner][\/vc_row_inner][vc_row full_width=&#8221;stretch_row_content_no_spaces&#8221;][vc_column][vc_empty_space height=&#8221;50px&#8221;][\/vc_column][\/vc_row][vc_row full_width=&#8221;stretch_row_content_no_spaces&#8221; css=&#8221;.vc_custom_1511533323139{background-color: #4e5a65 !important;}&#8221;][vc_column][vc_empty_space height=&#8221;16px&#8221;][\/vc_column][\/vc_row]<\/p>\n<\/div>","protected":false},"excerpt":{"rendered":"<p>[vc_row full_width=&#8221;stretch_row_content&#8221; has_content=&#8221;true&#8221;][vc_column][rev_slider_vc alias=&#8221;ricerca&#8221;][vc_row_inner equal_height=&#8221;yes&#8221; css=&#8221;.vc_custom_1511689536507{background-color: #7a7a7a !important;}&#8221;][vc_column_inner][vc_column_text el_class=&#8221;titolo&#8221;] RICERCA E INNOVAZIONE [\/vc_column_text][\/vc_column_inner][\/vc_row_inner][vc_row_inner equal_height=&#8221;yes&#8221; css=&#8221;.vc_custom_1512405713810{background-color: #a5a5a5 !important;}&#8221;][vc_column_inner css=&#8221;.vc_custom_1512289688132{padding-right: 150px !important;padding-left: 150px !important;}&#8221;][vc_empty_space][vc_column_text el_class=&#8221;.testi_bianco_medi&#8221;] &#8220;Niente nella vita va temuto, dev\u2019essere solamente compreso. Ora \u00e8 tempo di comprendere di pi\u00f9, cos\u00ec possiamo &hellip;<\/p>\n","protected":false},"author":1,"featured_media":0,"parent":0,"menu_order":0,"comment_status":"open","ping_status":"closed","template":"","meta":{"footnotes":""},"class_list":["post-2350","page","type-page","status-publish","hentry"],"aioseo_notices":[],"_links":{"self":[{"href":"https:\/\/dermoacm.com\/it\/wp-json\/wp\/v2\/pages\/2350","targetHints":{"allow":["GET"]}}],"collection":[{"href":"https:\/\/dermoacm.com\/it\/wp-json\/wp\/v2\/pages"}],"about":[{"href":"https:\/\/dermoacm.com\/it\/wp-json\/wp\/v2\/types\/page"}],"author":[{"embeddable":true,"href":"https:\/\/dermoacm.com\/it\/wp-json\/wp\/v2\/users\/1"}],"replies":[{"embeddable":true,"href":"https:\/\/dermoacm.com\/it\/wp-json\/wp\/v2\/comments?post=2350"}],"version-history":[{"count":23,"href":"https:\/\/dermoacm.com\/it\/wp-json\/wp\/v2\/pages\/2350\/revisions"}],"predecessor-version":[{"id":2950,"href":"https:\/\/dermoacm.com\/it\/wp-json\/wp\/v2\/pages\/2350\/revisions\/2950"}],"wp:attachment":[{"href":"https:\/\/dermoacm.com\/it\/wp-json\/wp\/v2\/media?parent=2350"}],"curies":[{"name":"wp","href":"https:\/\/api.w.org\/{rel}","templated":true}]}}