{"id":2776,"date":"2017-11-30T15:00:09","date_gmt":"2017-11-30T15:00:09","guid":{"rendered":"https:\/\/dermoacm.com\/it\/?page_id=2776"},"modified":"2017-12-03T08:52:45","modified_gmt":"2017-12-03T08:52:45","slug":"privacy-policy","status":"publish","type":"page","link":"https:\/\/dermoacm.com\/it\/privacy-policy\/","title":{"rendered":"PRIVACY POLICY"},"content":{"rendered":"<div class=\"wpb-content-wrapper\"><p>[vc_row][vc_column][vc_empty_space height=&#8221;120px&#8221;][vc_column_text el_class=&#8221;.icons_bottom &#8220;]<\/p>\n<h3 style=\"font-size: 26px; color: #00aaa7 !important; text-align: justify;\">Privacy &amp; Cookies<\/h3>\n<p style=\"text-align: justify;\">In questa pagina si descrivono le modalit\u00e0 di gestione del sito in riferimento al trattamento dei dati personali degli utenti che lo consultano. Si tratta di un\u2019informativa che \u00e8 resa anche ai sensi dell&#8217;art. 13 del D.Lgs. n. 196\/2003 (Codice in materia di protezione dei dati personali) a coloro che interagiscono con i servizi web di Ekuberg Pharma Srl. accessibili per via telematica a partire dall\u2019indirizzo https:\/\/dermoacm.com\/it corrispondente alla pagina iniziale del sito DermoACM\u00ae di <strong>Ekuberg Pharma Srl<\/strong>.<\/p>\n<p style=\"text-align: justify;\">L\u2019informativa \u00e8 resa solo per il sito di dermoacm.it e non anche per altri siti web eventualmente consultati dall\u2019utente tramite link. L\u2019informativa si ispira anche alla Raccomandazione n. 2\/2001 che le autorit\u00e0 europee per la protezione dei dati personali, riunite nel Gruppo istituito dall\u2019art. 29 della direttiva n. 95\/46\/CE , hanno adottato il 17 maggio 2001 per individuare alcuni requisiti minimi per la raccolta di dati personali on-line, e, in particolare, le modalit\u00e0, i tempi e la natura delle informazioni che i titolari del trattamento devono fornire agli utenti quando questi si collegano a pagine web, indipendentemente dagli scopi del collegamento.<\/p>\n<p>&nbsp;<\/p>\n<p style=\"text-align: justify;\"><strong>IL \u201cTITOLARE\u201d DEL TRATTAMENTO<\/strong><\/p>\n<p style=\"text-align: justify;\">A seguito della consultazione di questo sito possono essere trattati dati relativi a persone identificate o identificabili. Il \u201ctitolare\u201d del loro trattamento \u00e8 Ekuberg Pharma Surl, Via Pozzelle 36, Martano (Le)<\/p>\n<p>&nbsp;<\/p>\n<p style=\"text-align: justify;\"><strong>LUOGO DI TRATTAMENTO DEI DATI<\/strong><\/p>\n<p style=\"text-align: justify;\">I trattamenti connessi ai servizi web di questo sito hanno luogo presso la predetta sede di Ekuberg Pharma Surl e sono curati solo da personale tecnico dell\u2019Ufficio incaricato del trattamento, oppure da eventuali incaricati di occasionali operazioni di manutenzione. Nessun dato derivante dal servizio web viene comunicato o diffuso. I dati personali forniti dagli utenti che inoltrano richieste di servizi e\/o e-mail per ricevere informazioni sui servizi offerti da Ekuberg Pharma Surl. o per comunicare disservizi sono utilizzati al solo fine di eseguire il servizio o la prestazione richiesta e sono comunicati a terzi nel solo caso in cui ci\u00f2 sia a tal fine necessario.<\/p>\n<p>&nbsp;<\/p>\n<p style=\"text-align: justify;\"><strong>TIPI DI DATI TRATTATI <\/strong><\/p>\n<p style=\"text-align: justify;\">I dati degli utenti raccolti da Ekuberg Pharma Surl. sono il nome, il cognome, il numero di cellulare, gli indirizzi e-mail nonch\u00e9 i dati contenuti nelle stesse. I sistemi informatici e le procedure software preposte al funzionamento di questo sito web acquisiscono, nel corso del loro normale esercizio, alcuni dati personali la cui trasmissione \u00e8 implicita nell\u2019uso dei protocolli di comunicazione di Internet. Si tratta di informazioni che non sono raccolte per essere associate a interessati identificati, ma che per loro stessa natura potrebbero, attraverso elaborazioni ed associazioni con dati detenuti da terzi, permettere di identificare gli utenti. In questa categoria di dati rientrano gli indirizzi IP o i nomi a dominio dei computer utilizzati dagli utenti che si connettono al sito, gli indirizzi in notazione URI (Uniform Resource Identifier) delle risorse richieste, l\u2019orario della richiesta, il metodo utilizzato nel sottoporre la richiesta al server, la dimensione del file ottenuto in risposta, il codice numerico indicante lo stato della risposta data dal server (buon fine, errore, ecc.) ed altri parametri relativi al sistema operativo e all\u2019ambiente informatico dell\u2019utente.<\/p>\n<p>&nbsp;<\/p>\n<p style=\"text-align: justify;\"><strong>DATI FORNITI VOLONTARIAMENTE<\/strong><\/p>\n<p style=\"text-align: justify;\">L\u2019invio facoltativo, esplicito e volontario di posta elettronica agli indirizzi indicati su questo sito comporta la successiva acquisizione dell\u2019indirizzo del mittente, necessario per rispondere alle richieste, nonch\u00e9 degli eventuali altri dati personali inseriti nella missiva.<\/p>\n<p>&nbsp;<\/p>\n<p style=\"text-align: justify;\"><strong>FACOLTATIVITA\u2019 DEL CONFERIMENTO DEI DATI <\/strong><\/p>\n<p style=\"text-align: justify;\">A parte quanto specificato per i dati di navigazione, l\u2019utente \u00e8 libero di fornire i dati personali richiesti per l\u2019invio di materiale informativo o di altre comunicazioni. Il loro mancato conferimento pu\u00f2 comportare l\u2019impossibilit\u00e0 di ottenere quanto richiesto.<\/p>\n<p>&nbsp;<\/p>\n<p style=\"text-align: justify;\"><strong>MODALITA\u2019 DEL TRATTAMENTO <\/strong><\/p>\n<p style=\"text-align: justify;\">I dati personali sono trattati con strumenti automatizzati per il tempo strettamente necessario a conseguire gli scopi per cui sono stati raccolti. Specifiche misure di sicurezza sono osservate per prevenire la perdita dei dati, usi illeciti o non corretti ed accessi non autorizzati.<\/p>\n<p>&nbsp;<\/p>\n<p style=\"text-align: justify;\"><strong>DIRITTI DEGLI INTERESSATI <\/strong><\/p>\n<p style=\"text-align: justify;\">I soggetti cui si riferiscono i dati personali hanno il diritto in qualunque momento di ottenere la conferma dell\u2019esistenza o meno dei medesimi dati e di conoscerne il contenuto e l\u2019origine, verificarne l\u2019esattezza o chiederne l\u2019integrazione o l\u2019aggiornamento, oppure la rettificazione (art. 7 del D.Lgs. n. 196\/2003). Ai sensi del medesimo articolo si ha il diritto di chiedere la cancellazione, la trasformazione in forma anonima o il blocco dei dati trattati in violazione di legge, nonch\u00e9 di opporsi in ogni caso, per motivi legittimi, al loro trattamento.<\/p>\n<h3 style=\"text-align: justify;\">Informativa sull\u2019uso dei cookie<\/h3>\n<p style=\"text-align: justify;\">Il sito web di <b>dermoacm.it<\/b> utilizza cookie e tecnologie simili per garantire il corretto funzionamento delle procedure e migliorare l\u2019esperienza di uso delle applicazioni online. Il presente documento fornisce informazioni dettagliate sull\u2019uso dei cookie e di tecnologie similari, su come sono utilizzati da <b>dermoacm.it<\/b> e su come gestirli.<\/p>\n<h3 style=\"text-align: justify;\">Definizioni<\/h3>\n<p style=\"text-align: justify;\">I cookie sono brevi frammenti di testo (lettere e\/o numeri) che permettono al server web di memorizzare sul client (il <em>browser<\/em>) informazioni da riutilizzare nel corso della medesima visita al sito (cookie di sessione) o in seguito, anche a distanza di giorni (cookie persistenti). I cookie vengono memorizzati, in base alle preferenze dell\u2019utente, dal singolo <em>browser<\/em> sullo specifico dispositivo utilizzato (computer, tablet, smartphone).<\/p>\n<p style=\"text-align: justify;\">Tecnologie similari, come, ad esempio, web beacon, GIF trasparenti e tutte le forme di <em>storage <\/em>locale introdotte con HTML5, sono utilizzabili per raccogliere informazioni sul comportamento dell\u2019utente e sull\u2019utilizzo dei servizi.<\/p>\n<p style=\"text-align: justify;\">Nel seguito di questo documento faremo riferimento ai cookie e a tutte le tecnologie similari utilizzando semplicemente il termine \u201ccookie\u201d.<\/p>\n<h3 style=\"text-align: justify;\">Tipologie di cookie<\/h3>\n<p style=\"text-align: justify;\">In base alle caratteristiche e all\u2019utilizzo dei cookie possiamo distinguere diverse categorie:<\/p>\n<ul style=\"text-align: justify;\">\n<li><strong>Cookie strettamente necessari<\/strong>. Si tratta di cookie necessari al corretto funzionamento del sito <b>dermoacm.it<\/b> e sono utilizzati per gestire il login e l\u2019accesso alle funzioni riservate del sito. La durata dei cookie \u00e8 strettamente limitata alla sessione di lavoro (chiuso il <em>browser<\/em> vengono cancellati).<\/li>\n<li><strong>Cookie di analisi e prestazioni<\/strong>. Sono cookie utilizzati per raccogliere e analizzare il traffico e l\u2019utilizzo del sito in modo anonimo. Questi cookie, pur senza identificare l\u2019utente, consentono, per esempio, di rilevare se il medesimo utente torna a collegarsi in momenti diversi. Permettono inoltre di monitorare il sistema e migliorarne le prestazioni e l\u2019usabilit\u00e0. La disattivazione di tali cookie pu\u00f2 essere eseguita senza alcuna perdita di funzionalit\u00e0.<\/li>\n<li><strong>Cookie di profilazione<\/strong>. Si tratta di cookie permanenti utilizzati per identificare (in modo anonimo e non) le preferenze dell\u2019utente e migliorare la sua esperienza di navigazione. <strong>Il sito <b>dermoacm.it<\/b> non utilizza cookie di questo tipo.<\/strong><\/li>\n<\/ul>\n<h3 style=\"text-align: justify;\">Cookie di terze parti<\/h3>\n<p style=\"text-align: justify;\">Visitando un sito web si possono ricevere cookie sia dal sito visitato (\u201cproprietari\u201d), sia da siti gestiti da altre organizzazioni (\u201cterze parti\u201d). Un esempio notevole \u00e8 rappresentato dalla presenza dei \u201csocial plugin\u201d per Facebook, Twitter, Google+ e LinkedIn. Si tratta di parti della pagina visitata generate direttamente dai suddetti siti ed integrati nella pagina del sito ospitante. L\u2019utilizzo pi\u00f9 comune dei <em>social plugin<\/em> \u00e8 finalizzato alla condivisione dei contenuti sui social network.<\/p>\n<p style=\"text-align: justify;\">La presenza di questi <em>plugin<\/em> comporta la trasmissione di cookie da e verso tutti i siti gestiti da terze parti. La gestione delle informazioni raccolte da \u201cterze parti\u201d \u00e8 disciplinata dalle relative informative cui si prega di fare riferimento. Per garantire una maggiore trasparenza e comodit\u00e0, si riportano qui di seguito gli indirizzi web delle diverse informative e delle modalit\u00e0 per la gestione dei cookie.<\/p>\n<p style=\"text-align: justify;\">Facebook informativa: <a href=\"https:\/\/www.facebook.com\/help\/cookies\/\">https:\/\/www.facebook.com\/help\/cookies\/<\/a><\/p>\n<hr \/>\n<p style=\"text-align: justify;\">Facebook (configurazione): accedere al proprio account. Sezione privacy.<\/p>\n<hr \/>\n<p style=\"text-align: justify;\">Twitter informative: <a href=\"https:\/\/support.twitter.com\/articles\/20170514\">https:\/\/support.twitter.com\/articles\/20170514<\/a><\/p>\n<hr \/>\n<p style=\"text-align: justify;\">Twitter (configurazione): <a href=\"https:\/\/twitter.com\/settings\/security\">https:\/\/twitter.com\/settings\/security<\/a><\/p>\n<hr \/>\n<p style=\"text-align: justify;\">Linkedin informativa: <a href=\"https:\/\/www.linkedin.com\/legal\/cookie-policy\">https:\/\/www.linkedin.com\/legal\/cookie-policy<\/a><\/p>\n<hr \/>\n<p style=\"text-align: justify;\">Linkedin (configurazione): <a href=\"https:\/\/www.linkedin.com\/settings\/\">https:\/\/www.linkedin.com\/settings\/<\/a><\/p>\n<hr \/>\n<h3 style=\"text-align: justify;\">Google Analytics<\/h3>\n<p style=\"text-align: justify;\">Il sito<b> dermoacm.it<\/b> include anche talune componenti trasmesse da Google Analytics, un servizio di analisi del traffico web fornito da Google, Inc. (\u201cGoogle\u201d). Anche in questo caso si tratta di cookie di terze parti raccolti e gestiti in modo anonimo per monitorare e migliorare le prestazioni del sito ospite (performance cookie).<\/p>\n<p style=\"text-align: justify;\">Google Analytics utilizza i \u201ccookie\u201d per raccogliere e analizzare in forma anonima le informazioni sui comportamenti di utilizzo del sito\u00a0<b>dermoacm.it<\/b> (compreso l\u2019indirizzo IP dell\u2019utente). Tali informazioni vengono raccolte da Google Analytics, che le elabora allo scopo di redigere report per gli operatori di\u00a0<b>dermoacm.it<\/b> riguardanti le attivit\u00e0 sul sito web stesso. Questo sito non utilizza (e non consente a terzi di utilizzare) lo strumento di analisi di Google per monitorare o per raccogliere informazioni personali di identificazione. Google non associa l\u2019indirizzo IP a nessun altro dato posseduto da Google n\u00e9 cerca di collegare un indirizzo IP con l\u2019identit\u00e0 di un utente. Google pu\u00f2 anche comunicare queste informazioni a terzi ove ci\u00f2 sia imposto dalla legge o laddove tali terzi trattino le suddette informazioni per conto di Google.<\/p>\n<p style=\"text-align: justify;\">Per ulteriori informazioni, si rinvia al link di seguito indicato:<\/p>\n<p style=\"text-align: justify;\"><a href=\"https:\/\/www.google.it\/policies\/privacy\/partners\/\">https:\/\/www.google.it\/policies\/privacy\/partners\/<\/a><\/p>\n<p style=\"text-align: justify;\">L\u2019utente pu\u00f2 disabilitare in modo selettivo l\u2019azione di Google Analytics installando sul proprio <em>browser<\/em> la componente di <em>opt-out<\/em> fornito da Google. Per disabilitare l\u2019azione di Google Analytics, si rinvia al link di seguito indicato:<\/p>\n<p style=\"text-align: justify;\"><a href=\"https:\/\/tools.google.com\/dlpage\/gaoptout\">https:\/\/tools.google.com\/dlpage\/gaoptout<\/a><\/p>\n<h3 style=\"text-align: justify;\">Durata dei cookie<\/h3>\n<p style=\"text-align: justify;\">Alcuni cookie (cookie di sessione) restano attivi solo fino alla chiusura del <em>browser<\/em> o all\u2019esecuzione del comando di <em>logout<\/em>. Altri cookie \u201csopravvivono\u201d alla chiusura del <em>browser<\/em> e sono disponibili anche in successive visite dell\u2019utente.<\/p>\n<p style=\"text-align: justify;\">Questi cookie sono detti persistenti e la loro durata \u00e8 fissata dal server al momento della loro creazione. In alcuni casi \u00e8 fissata una scadenza, in altri casi la durata \u00e8 illimitata.<\/p>\n<p style=\"text-align: justify;\"><b>dermoacm.it<\/b>\u00a0<strong>non fa uso di cookie persistenti<\/strong>.<\/p>\n<h3 style=\"text-align: justify;\">Gestione dei cookie<\/h3>\n<p style=\"text-align: justify;\">L\u2019utente pu\u00f2 decidere se accettare o meno i cookie utilizzando le impostazioni del proprio <em>browser<\/em>.<\/p>\n<p style=\"text-align: justify;\"><strong>Attenzione<\/strong>: la disabilitazione totale o parziale dei cookie tecnici pu\u00f2 compromettere l\u2019utilizzo delle funzionalit\u00e0 del sito riservate agli utenti registrati. Al contrario, la fruibilit\u00e0 dei contenuti pubblici \u00e8 possibile anche disabilitando completamente i cookie.<\/p>\n<p style=\"text-align: justify;\">La disabilitazione dei cookie \u201cterze parti\u201d non pregiudica in alcun modo la navigabilit\u00e0.<\/p>\n<p style=\"text-align: justify;\">L\u2019impostazione pu\u00f2 essere definita in modo specifico per i diversi siti e applicazioni web. Inoltre i migliori <em>browser<\/em> consentono di definire impostazioni diverse per i cookie \u201cproprietari\u201d e per quelli di \u201cterze parti\u201d.<\/p>\n<p style=\"text-align: justify;\">A titolo di esempio, in Firefox, attraverso il menu <em>Strumenti-&gt;Opzioni -&gt;Privacy<\/em>, \u00e8 possibile accedere ad un pannello di controllo dove \u00e8 possibile definire se accettare o meno i diversi tipi di cookie e procedere alla loro rimozione.<\/p>\n<p style=\"text-align: justify;\">Chrome: <a href=\"https:\/\/support.google.com\/chrome\/answer\/95647?hl=it\">https:\/\/support.google.com\/chrome\/answer\/95647?hl=it<\/a><\/p>\n<hr \/>\n<p style=\"text-align: justify;\">Firefox: <a href=\"https:\/\/support.mozilla.org\/it\/kb\/Gestione%20dei%20cookie\">https:\/\/support.mozilla.org\/it\/kb\/Gestione%20dei%20cookie<\/a><\/p>\n<hr \/>\n<p style=\"text-align: justify;\">Internet Explorer: <a href=\"http:\/\/windows.microsoft.com\/it-it\/windows7\/how-to-manage-cookies-in-internet-explorer-9\">http:\/\/windows.microsoft.com\/it-it\/windows7\/how-to-manage-cookies-in-internet-explorer-9<\/a><\/p>\n<hr \/>\n<p style=\"text-align: justify;\">Opera: <a href=\"http:\/\/help.opera.com\/Windows\/10.00\/it\/cookies.html\">http:\/\/help.opera.com\/Windows\/10.00\/it\/cookies.html<\/a><\/p>\n<hr \/>\n<p style=\"text-align: justify;\">Safari: <a href=\"http:\/\/support.apple.com\/kb\/HT1677?viewlocale=it_IT\">http:\/\/support.apple.com\/kb\/HT1677?viewlocale=it_IT<\/a><\/p>\n<p>[\/vc_column_text][\/vc_column][\/vc_row][vc_row][vc_column][vc_column_text][\/vc_column_text][\/vc_column][\/vc_row]<\/p>\n<\/div>","protected":false},"excerpt":{"rendered":"<p>[vc_row][vc_column][vc_empty_space height=&#8221;120px&#8221;][vc_column_text el_class=&#8221;.icons_bottom &#8220;] Privacy &amp; Cookies In questa pagina si descrivono le modalit\u00e0 di gestione del sito in riferimento al trattamento dei dati personali degli utenti che lo consultano. Si tratta di un\u2019informativa che \u00e8 resa anche ai sensi &hellip;<\/p>\n","protected":false},"author":1,"featured_media":0,"parent":0,"menu_order":0,"comment_status":"closed","ping_status":"closed","template":"","meta":{"footnotes":""},"class_list":["post-2776","page","type-page","status-publish","hentry"],"aioseo_notices":[],"_links":{"self":[{"href":"https:\/\/dermoacm.com\/it\/wp-json\/wp\/v2\/pages\/2776","targetHints":{"allow":["GET"]}}],"collection":[{"href":"https:\/\/dermoacm.com\/it\/wp-json\/wp\/v2\/pages"}],"about":[{"href":"https:\/\/dermoacm.com\/it\/wp-json\/wp\/v2\/types\/page"}],"author":[{"embeddable":true,"href":"https:\/\/dermoacm.com\/it\/wp-json\/wp\/v2\/users\/1"}],"replies":[{"embeddable":true,"href":"https:\/\/dermoacm.com\/it\/wp-json\/wp\/v2\/comments?post=2776"}],"version-history":[{"count":1,"href":"https:\/\/dermoacm.com\/it\/wp-json\/wp\/v2\/pages\/2776\/revisions"}],"predecessor-version":[{"id":2828,"href":"https:\/\/dermoacm.com\/it\/wp-json\/wp\/v2\/pages\/2776\/revisions\/2828"}],"wp:attachment":[{"href":"https:\/\/dermoacm.com\/it\/wp-json\/wp\/v2\/media?parent=2776"}],"curies":[{"name":"wp","href":"https:\/\/api.w.org\/{rel}","templated":true}]}}